{"id":25,"date":"2022-10-23T07:54:27","date_gmt":"2022-10-23T07:54:27","guid":{"rendered":"https:\/\/st-pauls-apotheke.de\/?page_id=25"},"modified":"2022-10-23T08:40:20","modified_gmt":"2022-10-23T08:40:20","slug":"willkommen","status":"publish","type":"page","link":"https:\/\/st-pauls-apotheke.de\/","title":{"rendered":"Willkommen"},"content":{"rendered":"\n<div id=\"wp-block-themeisle-blocks-advanced-columns-0a9b9259\" class=\"wp-block-themeisle-blocks-advanced-columns has-1-columns has-desktop-equal-layout has-tablet-equal-layout has-mobile-equal-layout has-vertical-unset\"><div class=\"wp-block-themeisle-blocks-advanced-columns-overlay\"><\/div><div class=\"innerblocks-wrap\">\n<div id=\"wp-block-themeisle-blocks-advanced-column-fde2e4c2\" class=\"wp-block-themeisle-blocks-advanced-column\">\n<p>Die St.Pauls-Apotheke besteht seit 1960 und befindet sich in der unteren Jakobstra\u00dfe (N\u00e4he Markt) im Haus Nummer 9.<\/p>\n\n\n\n<p>Der Apothekenname kommt von der 1294 gegr\u00fcndeten Dominikaner Kirche, die unter Napoleon zur Pfarrkirche St.Paul wurde. Der Wehrhafte Schmied, der unweit der Dominikaner Kirche lebte und arbeitete, verhinderte im Jahr 1278 die feindliche \u00dcbernahme der Stadt Aachen durch den Grafen von J\u00fclich.<\/p>\n\n\n\n<p>Die St.Pauls-Apotheke wurde von meiner Mutter, Apothekerin Ursula Bimmermann, 1960 gegr\u00fcndet und \u00fcber 30 Jahre lang erfolgreich geleitet. Nach meinem Studium habe ich die St.Pauls-Apotheke 1991 von meiner Mutter \u00fcbernommen.<\/p>\n\n\n\n<p>Viel Spa\u00df beim Surfen w\u00fcnscht Ihnen<\/p>\n\n\n\n<p>Apotheker Reiner Bimmermann &amp; Team<\/p>\n\n\n\n<hr class=\"wp-block-separator has-alpha-channel-opacity\"\/>\n\n\n\n<p><\/p>\n\n\n\n<h3 class=\"wp-block-heading\">\u00d6ffnungszeiten<\/h3>\n\n\n\n<p><strong>Montag<\/strong> 8:30 &#8211; 13:30 + 14:30 &#8211; 18:30<\/p>\n\n\n\n<p><strong>Dienstag<\/strong> 8:30 &#8211; 13:30 + 14:30 &#8211; 18:30<\/p>\n\n\n\n<p><strong>Mittwoch<\/strong> 8:30 &#8211; 13:00 + 15:00 &#8211; 18:30<\/p>\n\n\n\n<p><strong>Donnerstag<\/strong> 8.30 &#8211; 13:30 + 14.30 &#8211; 18:30<\/p>\n\n\n\n<p><strong>Freitag<\/strong> 8:30 &#8211; 13:30 + 14:30 &#8211; 18:30<\/p>\n\n\n\n<p><strong>Samstag<\/strong> 9:00 &#8211; 13:00<\/p>\n\n\n\n<p><\/p>\n<\/div>\n<\/div><\/div>\n\n\n\n<hr class=\"wp-block-separator has-alpha-channel-opacity\"\/>\n\n\n\n<p><\/p>\n\n\n\n<p><\/p>\n\n\n\n<h2 class=\"wp-block-heading\">Kontakt<\/h2>\n\n\n\n<p>St.Pauls-Apotheke<br>Jakobstra\u00dfe 9<br>52064 Aachen<\/p>\n\n\n\n<p><strong>Tel<\/strong>.: 0241\/22562<br><strong>Fax<\/strong>: 0241\/22563<br><strong>E-Mail:<\/strong> <a href=\"javascript:decryptUnicorn(ncb|fg-cnhyf-ncbgurxr.qr)\">apo_at_st-pauls-apotheke.de<\/a><\/p>\n","protected":false},"excerpt":{"rendered":"<p>Kontakt St.Pauls-ApothekeJakobstra\u00dfe 952064 Aachen Tel.: 0241\/22562Fax: 0241\/22563E-Mail: apo_at_st-pauls-apotheke.de<\/p>\n","protected":false},"author":1,"featured_media":0,"parent":0,"menu_order":0,"comment_status":"closed","ping_status":"closed","template":"","meta":{"_themeisle_gutenberg_block_has_review":false,"footnotes":""},"class_list":["post-25","page","type-page","status-publish","hentry"],"jetpack_sharing_enabled":true,"_links":{"self":[{"href":"https:\/\/st-pauls-apotheke.de\/index.php?rest_route=\/wp\/v2\/pages\/25","targetHints":{"allow":["GET"]}}],"collection":[{"href":"https:\/\/st-pauls-apotheke.de\/index.php?rest_route=\/wp\/v2\/pages"}],"about":[{"href":"https:\/\/st-pauls-apotheke.de\/index.php?rest_route=\/wp\/v2\/types\/page"}],"author":[{"embeddable":true,"href":"https:\/\/st-pauls-apotheke.de\/index.php?rest_route=\/wp\/v2\/users\/1"}],"replies":[{"embeddable":true,"href":"https:\/\/st-pauls-apotheke.de\/index.php?rest_route=%2Fwp%2Fv2%2Fcomments&post=25"}],"version-history":[{"count":8,"href":"https:\/\/st-pauls-apotheke.de\/index.php?rest_route=\/wp\/v2\/pages\/25\/revisions"}],"predecessor-version":[{"id":44,"href":"https:\/\/st-pauls-apotheke.de\/index.php?rest_route=\/wp\/v2\/pages\/25\/revisions\/44"}],"wp:attachment":[{"href":"https:\/\/st-pauls-apotheke.de\/index.php?rest_route=%2Fwp%2Fv2%2Fmedia&parent=25"}],"curies":[{"name":"wp","href":"https:\/\/api.w.org\/{rel}","templated":true}]}}